{"id":2112,"date":"2018-11-27T10:11:38","date_gmt":"2018-11-27T09:11:38","guid":{"rendered":"http:\/\/www.generalquadri.it\/?page_id=2112"},"modified":"2022-03-16T12:03:51","modified_gmt":"2022-03-16T11:03:51","slug":"privacy-policy","status":"publish","type":"page","link":"https:\/\/www.generalquadri.it\/en\/privacy-policy\/","title":{"rendered":"Privacy Policy"},"content":{"rendered":"<p>[vc_row][vc_column][vc_column_text]<\/p>\n<h4><strong>Informativa della privacy<\/strong><\/h4>\n<p>Il sito presente ottempera gli obblighi conseguenti alla normativa nazionale (D. Lgs 30 giugno 2003 n. 196, Codice in materia di protezione dei dati personali) e comunitaria, (Regolamento europeo per la protezione dei dati personali n. 679\/2016, GDPR) e relative successive modifiche alla normativa.<\/p>\n<p>Il titolare del sito conforme alle raccomandazioni del Garante della Privacy sull\u2019adeguamento del GDPR pone molta importanza sulla riservatezza dei visitatori e degli utenti al fine di non ledere i diritti dei visitatori\/utenti che navigano questo sito.<br \/>\nL\u2019intento di questa informativa privacy \u00e8 di fornire trasparenza e informazioni comprensibili attinenti alle informazioni raccolte sul sito e al suo utilizzo.<\/p>\n<p>La presente informativa si applica esclusivamente alle funzionalit\u00e0 online del sito ed \u00e8 valida per i visitatori\/utenti del sito. L\u2019informativa non si applica a tutte quelle informazioni raccolte al di fuori del canale web dove \u00e8 presente questo sito web.<\/p>\n<h4><strong>Fondamento giuridico del trattamento<\/strong><\/h4>\n<p>Dall\u2019entrata in vigore del GDPR (25 maggio 2018), il sito www.generalquadri.it raccoglie e tratter\u00e0 alcuni dati sulla base degli interessi del titolare del trattamento.<\/p>\n<p><strong>Il sito attuale tratta i dati acquisiti sulla base del consenso facoltativo manifestato dai <\/strong><strong>visitatori\/utenti: l\u2019approvazione del consenso \u00e8 solo nelle modalit\u00e0 e finalit\u00e0 descritte nel paragrafo successivo<\/strong><strong>.<\/strong><\/p>\n<p>Il visitatore\/navigatore pu\u00f2 negare il consenso al conferimento e raccolta dei dati e pu\u00f2 revocare in qualsiasi momento un consenso gi\u00e0 precedentemente fornito attraverso il form Contattaci presente sul sito\/scrivendo all&#8217;indirizzo amministrazione@generalquadri.it.<br \/>\nIl rifiuto del consenso, attraverso l\u2019apposito tasto di rifiuto sul banner dei cookie, o attraverso una revoca del consenso via email potrebbe comportare il divieto di accesso ad alcuni servizi e compromettere l&#8217;esperienza di navigazione di questo sito.<\/p>\n<h4><strong>Dati raccolti e finalit\u00e0<\/strong><\/h4>\n<p><strong>Dati acquisiti dai log di sistema e sicurezza<\/strong><br \/>\nIl presente sito, durante le visite degli utenti, acquisisce automaticamente delle informazioni attraverso <a href=\"https:\/\/it.wikipedia.org\/wiki\/Log\" target=\"_blank\" rel=\"noopener noreferrer\">LOG<\/a> di sistema e log di sicurezza.<br \/>\nLe informazioni raccolte potrebbero essere le seguenti:<\/p>\n<p>&#8211; orario e data della visita;<br \/>\n&#8211; indirizzo IP d e nome del provider di provenienza;<br \/>\n&#8211; registrazioni di errori e problemi.<\/p>\n<p>Tutti questi dati, raccolti in forma aggregata, vengono utilizzati solo a supporto della diagnostica a fini per la sicurezza. Esempio: in caso di attacco i log vengono monitorati per bloccare gli accessi non autorizzati e per impedire attivit\u00e0 dannose.<\/p>\n<p>L\u2019accesso a questi dati \u00e8 solo a livello di amministrazione di server e non sono mai utilizzati per l\u2019identificazione o la profilazione dell\u2019utente\/visitatore ma solo acquisiti per la tutela e sicurezza del sito presente. Potrebbero essere utilizzati solo in caso di reato, e solo su richiesta dell\u2019autorit\u00e0 giudiziaria nei casi previsti dalla Legge.<\/p>\n<p>I dati di LOG raccolti dal sito sono trattati presso la sede del Titolare del Trattamento, e presso il datacenter del web Hosting.<br \/>\nIl web hosting \u00e8 responsabile del trattamento dei dati (Serverplan srl &#8211; Via G. Leopardi, 22 &#8211; 03043 Cassino (FR) Italy) ed elabora i dati solo su richiesta esplicita del titolare e agisce in conformit\u00e0 alle normative europee.<\/p>\n<p>I dati utilizzati a fini di sicurezza sono conservati per 90 giorni.<\/p>\n<h4><strong>Cookie<\/strong><\/h4>\n<p>Questo Sito Web fa utilizzo di Strumenti di Tracciamento e ricopre il ruolo di<strong> intermediario per quanto riguarda i cookies di terze parti<\/strong> e non ha nessun controllo su questi cookie.. Per saperne di pi\u00f9, l\u2019Utente pu\u00f2 consultare la <a title=\"Cookie Policy\" href=\"https:\/\/www.generalquadri.it\/en\/cookie-policy\/\" target=\"_blank\" rel=\"noopener\"><strong>Cookie Policy<\/strong><\/a>.<\/p>\n<h4><strong>Trasferimento di dati in paesi extra UE<\/strong><\/h4>\n<p>Il titolare, allo stato attuale, al fine di poter fornire all\u2019utenza del proprio sito i servizi forniti da terze parti, deve aderire alle policy attuate dalle stesse (es. Google, Facebook, Microsoft, ecc.) condividendo alcuni dei dati raccolti al di fuori dell\u2019Unione Europea.<br \/>\nIl trasferimento \u00e8 ammesso sulla base di specifiche <a href=\"https:\/\/www.garanteprivacy.it\/temi\/trasferimento-di-dati-all-estero\" target=\"_blank\" rel=\"noopener noreferrer\">Clausole Contrattuali Tipo<\/a><\/p>\n<h4><strong>Misure di sicurezza<\/strong><\/h4>\n<p>Il trattamento dei dati acquisiti dai navigatori attraverso questo sito \u00e8 gestito in maniera legale, adottando tutte le misure opportune per:<\/p>\n<ul>\n<li>aumentare la sicurezza<\/li>\n<li>impedire accessi non autorizzati<\/li>\n<li>impedire la divulgazione non autorizzata dei dati.<\/li>\n<\/ul>\n<p>Il trattamento viene attuato mediante dispositivi informatici, con logiche e modalit\u00e0 organizzative strettamente correlate alle finalit\u00e0 descritte sopra. Oltre al titolare, l\u2019accesso dei dati \u00e8 delegato a consulenti tecnici coinvolti nel progetto del sito.<br \/>\nI soggetti coinvolti, sempre incaricati dall\u2019azienda titolare dei dati, possono essere anche esterni e sono intesi come fornitori di servizi tecnici terzi, hosting provider, societ\u00e0 informatiche, agenzie di web marketing.<\/p>\n<p><strong>Diritti dell&#8217;utente<\/strong><\/p>\n<p>Ai sensi del Regolamento europeo 679\/2016 (GDPR), e secondo le modalit\u00e0 e nei limiti previsti dalla vigente normativa, il navigatore\/utente pu\u00f2 esercitare i seguenti diritti:<\/p>\n<ul>\n<li>Diritto di recesso, o l&#8217;aggiornamento\/rettifica\/integrazione e cancellazione dei dati;<\/li>\n<li>richiedere la conferma dell&#8217;esistenza di propri dati personali;<\/li>\n<li>richiedere l\u2019origine dei propri dati in maniera intellegibile;<\/li>\n<li>avere le informazioni riguardo le modalit\u00e0 e le finalit\u00e0 del trattamento dei dati;<\/li>\n<li>richiedere la trasformazione in forma anonima dei dati;<\/li>\n<li>presentare un <a href=\"http:\/\/www.garanteprivacy.it\/web\/guest\/home\/docweb\/-\/docweb-display\/docweb\/4535524\" target=\"_blank\" rel=\"noopener noreferrer\">reclamo al Garante Privacy<\/a> in qualit\u00e0 di Autorit\u00e0 di controllo;<\/li>\n<\/ul>\n<p>Le richieste vanno inviate al Titolare del Trattamento attraverso il form <a title=\"Contact\" href=\"https:\/\/www.generalquadri.it\/en\/contact\/\">Contact<\/a> \/scrivendo all&#8217;indirizzo amministrazione@generalquadri.it<\/p>\n<h4><strong>Titolare del Trattamento<\/strong><\/h4>\n<p>Ai sensi delle leggi vigenti il titolare del trattamento \u00e8:<br \/>\n<strong><br \/>\nGENERAL QUADRI S.r.l.<\/strong><br \/>\nVia E. Majorana, 9\/11 &#8211; 27036 Mortara (PV)<br \/>\nREA MI-1532139 &#8211; P.iva 12158360151 | PEC: generalquadri@postacertificata.com<\/p>\n<p>ed \u00e8 contattabile tramite la sezione <a title=\"Contact\" href=\"https:\/\/www.generalquadri.it\/en\/contact\/\" target=\"_blank\" rel=\"noopener\">Contact<\/a> di questo sito o in alternativa via mail al seguente indirizzo:\u00a0amministrazione@generalquadri.it<\/p>\n<h4><strong>Aggiornamento dell\u2019informativa della Privacy Policy<\/strong><\/h4>\n<p>Il presente documento \u00e8 aggiornato al 16 marzo 2022[\/vc_column_text][\/vc_column][\/vc_row]<\/p>\n","protected":false},"excerpt":{"rendered":"<p>[vc_row][vc_column][vc_column_text] Informativa della privacy Il sito presente ottempera gli obblighi conseguenti alla normativa nazionale (D. Lgs 30 giugno 2003 n. 196, Codice in materia di protezione dei dati personali) e comunitaria, (Regolamento europeo per la protezione dei dati personali n. 679\/2016, GDPR) e relative successive modifiche alla normativa. Il titolare del sito conforme alle raccomandazioni del Garante della Privacy sull\u2019adeguamento&hellip;<\/p>\n","protected":false},"author":1,"featured_media":0,"parent":0,"menu_order":0,"comment_status":"closed","ping_status":"closed","template":"","meta":{"footnotes":""},"class_list":["post-2112","page","type-page","status-publish","hentry"],"aioseo_notices":[],"_links":{"self":[{"href":"https:\/\/www.generalquadri.it\/en\/wp-json\/wp\/v2\/pages\/2112","targetHints":{"allow":["GET"]}}],"collection":[{"href":"https:\/\/www.generalquadri.it\/en\/wp-json\/wp\/v2\/pages"}],"about":[{"href":"https:\/\/www.generalquadri.it\/en\/wp-json\/wp\/v2\/types\/page"}],"author":[{"embeddable":true,"href":"https:\/\/www.generalquadri.it\/en\/wp-json\/wp\/v2\/users\/1"}],"replies":[{"embeddable":true,"href":"https:\/\/www.generalquadri.it\/en\/wp-json\/wp\/v2\/comments?post=2112"}],"version-history":[{"count":8,"href":"https:\/\/www.generalquadri.it\/en\/wp-json\/wp\/v2\/pages\/2112\/revisions"}],"predecessor-version":[{"id":2349,"href":"https:\/\/www.generalquadri.it\/en\/wp-json\/wp\/v2\/pages\/2112\/revisions\/2349"}],"wp:attachment":[{"href":"https:\/\/www.generalquadri.it\/en\/wp-json\/wp\/v2\/media?parent=2112"}],"curies":[{"name":"wp","href":"https:\/\/api.w.org\/{rel}","templated":true}]}}